{"id":2,"date":"2016-01-25T11:26:17","date_gmt":"2016-01-25T09:26:17","guid":{"rendered":"http:\/\/www.doptech.sk\/?page_id=2"},"modified":"2017-03-08T10:08:47","modified_gmt":"2017-03-08T08:08:47","slug":"ukazka-strany","status":"publish","type":"page","link":"http:\/\/www.doptech.sk\/?page_id=2","title":{"rendered":"O N\u00c1S"},"content":{"rendered":"<p style=\"text-align: justify;\">Na\u0161a spolo\u010dnos\u0165 DOPTECH, s. r. o. vykon\u00e1va svoju \u010dinnos\u0165 v oblasti cestnej dopravy od roku 2013. Pri vzniku spolo\u010dnosti boli vyu\u017eit\u00e9 sk\u00fasenosti zakladate\u013ea firmy z predo\u0161l\u00fdch podnikate\u013esk\u00fdch aktiv\u00edt. Konate\u013e spolo\u010dnosti m\u00e1 z predch\u00e1dzaj\u00facej praxe sk\u00fasenosti , ktor\u00e9 vyu\u017e\u00edva spolo\u010dnos\u0165 vo svojej \u010dinnosti k spokojnosti a prospechu z\u00e1kazn\u00edkov.<\/p>\n<p style=\"text-align: justify;\">Na\u0161e slu\u017eby poskytujeme u\u017e viac ako 100 klientom. Z\u00e1rukou kvality je n\u00e1\u0161 team profesion\u00e1lov ktor\u00ed s\u00fa odborn\u00edkmi v pon\u00fakan\u00fdch oblastiach dopravy a pr\u00e1ce s \u0165a\u017ekou technikou. Organiza\u010dn\u00fd model spolo\u010dnosti vych\u00e1dza z praxe a nieko\u013ekoro\u010dn\u00fdch sk\u00fasenost\u00ed a z neust\u00e1leho zvy\u0161ovania kvalifik\u00e1cie pracovn\u00edkov.<\/p>\n<p style=\"text-align: justify;\">\u010cinnos\u0165 spolo\u010dnosti , preprava n\u00e1kladn\u00fdmi autami vybaven\u00fdmi hydraulick\u00fdmi rukami a manipul\u00e1cia s n\u00e1kladom, vieme efekt\u00edvne vyu\u017ei\u0165 v prospech na\u0161ich klientov v r\u00e1mci Slovenskej republiky a v poslednom \u010dase aj v r\u00e1mci okolit\u00fdch \u0161t\u00e1tov.<\/p>\n<p style=\"text-align: justify;\">Budeme radi ke\u010f si sami vysk\u00fa\u0161ate na\u0161u profesionalitu a d\u00f4slednos\u0165 .<\/p>\n<p style=\"text-align: justify;\">Miroslav Latin\u00e1k &#8211; konate\u013e spolo\u010dnosti.<\/p>\n","protected":false},"excerpt":{"rendered":"<p>Na\u0161a spolo\u010dnos\u0165 DOPTECH, s. r. o. vykon\u00e1va svoju \u010dinnos\u0165 v oblasti cestnej dopravy od roku 2013. Pri vzniku spolo\u010dnosti boli vyu\u017eit\u00e9 sk\u00fasenosti zakladate\u013ea firmy z predo\u0161l\u00fdch podnikate\u013esk\u00fdch aktiv\u00edt. Konate\u013e spolo\u010dnosti m\u00e1 z predch\u00e1dzaj\u00facej praxe sk\u00fasenosti , ktor\u00e9 vyu\u017e\u00edva spolo\u010dnos\u0165 vo<\/p>\n","protected":false},"author":1,"featured_media":0,"parent":0,"menu_order":1,"comment_status":"closed","ping_status":"open","template":"","meta":{"footnotes":""},"class_list":["post-2","page","type-page","status-publish","hentry"],"_links":{"self":[{"href":"http:\/\/www.doptech.sk\/index.php?rest_route=\/wp\/v2\/pages\/2","targetHints":{"allow":["GET"]}}],"collection":[{"href":"http:\/\/www.doptech.sk\/index.php?rest_route=\/wp\/v2\/pages"}],"about":[{"href":"http:\/\/www.doptech.sk\/index.php?rest_route=\/wp\/v2\/types\/page"}],"author":[{"embeddable":true,"href":"http:\/\/www.doptech.sk\/index.php?rest_route=\/wp\/v2\/users\/1"}],"replies":[{"embeddable":true,"href":"http:\/\/www.doptech.sk\/index.php?rest_route=%2Fwp%2Fv2%2Fcomments&post=2"}],"version-history":[{"count":5,"href":"http:\/\/www.doptech.sk\/index.php?rest_route=\/wp\/v2\/pages\/2\/revisions"}],"predecessor-version":[{"id":515,"href":"http:\/\/www.doptech.sk\/index.php?rest_route=\/wp\/v2\/pages\/2\/revisions\/515"}],"wp:attachment":[{"href":"http:\/\/www.doptech.sk\/index.php?rest_route=%2Fwp%2Fv2%2Fmedia&parent=2"}],"curies":[{"name":"wp","href":"https:\/\/api.w.org\/{rel}","templated":true}]}}