{"id":22,"date":"2016-11-06T13:37:09","date_gmt":"2016-11-06T11:37:09","guid":{"rendered":"http:\/\/www.doptech.sk\/?page_id=22"},"modified":"2020-01-03T21:33:52","modified_gmt":"2020-01-03T19:33:52","slug":"kontakt","status":"publish","type":"page","link":"http:\/\/www.doptech.sk\/?page_id=22","title":{"rendered":"KONTAKT"},"content":{"rendered":"<p><strong>DOPTECH, s.r.o.<\/strong><\/p>\n<p>Kr\u00e1\u013eov\u00e1 pri Senci 1516<br \/>\n900 50 \u00a0Kr\u00e1\u013eov\u00e1 pri Senci<\/p>\n<p>tel.: 0911\u00a0108\u00a0191 ,\u00a0+421 2\/222 009 29<br \/>\nmail: latinak@doptech.sk<\/p>\n\n<div class=\"wpcf7 no-js\" id=\"wpcf7-f26-o1\" lang=\"sk-SK\" dir=\"ltr\" data-wpcf7-id=\"26\">\n<div class=\"screen-reader-response\"><p role=\"status\" aria-live=\"polite\" aria-atomic=\"true\"><\/p> <ul><\/ul><\/div>\n<form action=\"\/index.php?rest_route=%2Fwp%2Fv2%2Fpages%2F22#wpcf7-f26-o1\" method=\"post\" class=\"wpcf7-form init\" aria-label=\"Kontaktn\u00fd formul\u00e1r\" novalidate=\"novalidate\" data-status=\"init\">\n<fieldset class=\"hidden-fields-container\"><input type=\"hidden\" name=\"_wpcf7\" value=\"26\" \/><input type=\"hidden\" name=\"_wpcf7_version\" value=\"6.1.5\" \/><input type=\"hidden\" name=\"_wpcf7_locale\" value=\"sk_SK\" \/><input type=\"hidden\" name=\"_wpcf7_unit_tag\" value=\"wpcf7-f26-o1\" \/><input type=\"hidden\" name=\"_wpcf7_container_post\" value=\"0\" \/><input type=\"hidden\" name=\"_wpcf7_posted_data_hash\" value=\"\" \/>\n<\/fieldset>\n<div class=\"wpcf7-response-output\" aria-hidden=\"true\"><\/div>\n<\/form>\n<\/div>\n\n","protected":false},"excerpt":{"rendered":"<p>DOPTECH, s.r.o. Kr\u00e1\u013eov\u00e1 pri Senci 1516 900 50 \u00a0Kr\u00e1\u013eov\u00e1 pri Senci tel.: 0911\u00a0108\u00a0191 ,\u00a0+421 2\/222 009 29 mail: latinak@doptech.sk<\/p>\n","protected":false},"author":1,"featured_media":0,"parent":0,"menu_order":6,"comment_status":"closed","ping_status":"closed","template":"","meta":{"footnotes":""},"class_list":["post-22","page","type-page","status-publish","hentry"],"_links":{"self":[{"href":"http:\/\/www.doptech.sk\/index.php?rest_route=\/wp\/v2\/pages\/22","targetHints":{"allow":["GET"]}}],"collection":[{"href":"http:\/\/www.doptech.sk\/index.php?rest_route=\/wp\/v2\/pages"}],"about":[{"href":"http:\/\/www.doptech.sk\/index.php?rest_route=\/wp\/v2\/types\/page"}],"author":[{"embeddable":true,"href":"http:\/\/www.doptech.sk\/index.php?rest_route=\/wp\/v2\/users\/1"}],"replies":[{"embeddable":true,"href":"http:\/\/www.doptech.sk\/index.php?rest_route=%2Fwp%2Fv2%2Fcomments&post=22"}],"version-history":[{"count":6,"href":"http:\/\/www.doptech.sk\/index.php?rest_route=\/wp\/v2\/pages\/22\/revisions"}],"predecessor-version":[{"id":653,"href":"http:\/\/www.doptech.sk\/index.php?rest_route=\/wp\/v2\/pages\/22\/revisions\/653"}],"wp:attachment":[{"href":"http:\/\/www.doptech.sk\/index.php?rest_route=%2Fwp%2Fv2%2Fmedia&parent=22"}],"curies":[{"name":"wp","href":"https:\/\/api.w.org\/{rel}","templated":true}]}}